{"id":222,"date":"2026-03-23T18:24:43","date_gmt":"2026-03-23T18:24:43","guid":{"rendered":"https:\/\/psicologakarina.cl\/?post_type=product&#038;p=222"},"modified":"2026-03-23T18:35:23","modified_gmt":"2026-03-23T18:35:23","slug":"atencion-adulto-online","status":"publish","type":"product","link":"https:\/\/psicologakarina.cl\/index.php\/producto\/atencion-adulto-online\/","title":{"rendered":"Atenci\u00f3n Adulto &#8211; Infato-Juvenil Online"},"content":{"rendered":"<p>Atenci\u00f3n Online a trav\u00e9s de Meet.<br \/>\nDuraci\u00f3n: 1 hora.<\/p>\n","protected":false},"excerpt":{"rendered":"<p>Atenci\u00f3n Online a trav\u00e9s de Meet. Duraci\u00f3n: 1 hora.<\/p>\n","protected":false},"featured_media":223,"comment_status":"open","ping_status":"closed","template":"","meta":[],"product_brand":[],"product_cat":[20],"product_tag":[],"class_list":{"0":"post-222","1":"product","2":"type-product","3":"status-publish","4":"has-post-thumbnail","6":"product_cat-atencion-online","8":"first","9":"instock","10":"virtual","11":"purchasable","12":"product-type-simple"},"_links":{"self":[{"href":"https:\/\/psicologakarina.cl\/index.php\/wp-json\/wp\/v2\/product\/222","targetHints":{"allow":["GET"]}}],"collection":[{"href":"https:\/\/psicologakarina.cl\/index.php\/wp-json\/wp\/v2\/product"}],"about":[{"href":"https:\/\/psicologakarina.cl\/index.php\/wp-json\/wp\/v2\/types\/product"}],"replies":[{"embeddable":true,"href":"https:\/\/psicologakarina.cl\/index.php\/wp-json\/wp\/v2\/comments?post=222"}],"wp:featuredmedia":[{"embeddable":true,"href":"https:\/\/psicologakarina.cl\/index.php\/wp-json\/wp\/v2\/media\/223"}],"wp:attachment":[{"href":"https:\/\/psicologakarina.cl\/index.php\/wp-json\/wp\/v2\/media?parent=222"}],"wp:term":[{"taxonomy":"product_brand","embeddable":true,"href":"https:\/\/psicologakarina.cl\/index.php\/wp-json\/wp\/v2\/product_brand?post=222"},{"taxonomy":"product_cat","embeddable":true,"href":"https:\/\/psicologakarina.cl\/index.php\/wp-json\/wp\/v2\/product_cat?post=222"},{"taxonomy":"product_tag","embeddable":true,"href":"https:\/\/psicologakarina.cl\/index.php\/wp-json\/wp\/v2\/product_tag?post=222"}],"curies":[{"name":"wp","href":"https:\/\/api.w.org\/{rel}","templated":true}]}}