{"id":224,"date":"2026-03-23T18:31:13","date_gmt":"2026-03-23T18:31:13","guid":{"rendered":"https:\/\/psicologakarina.cl\/?post_type=product&#038;p=224"},"modified":"2026-03-23T18:34:45","modified_gmt":"2026-03-23T18:34:45","slug":"atencion-adulto-infanto-juvenil-presencial","status":"publish","type":"product","link":"https:\/\/psicologakarina.cl\/index.php\/producto\/atencion-adulto-infanto-juvenil-presencial\/","title":{"rendered":"Atenci\u00f3n Adulto &#8211; Infanto-Juvenil Presencial"},"content":{"rendered":"<p>Atenci\u00f3n Presencial en Box en Carlos Ant\u00fanez #2025. Providencia  (Metro Pedro de Valdivia)<br \/>\nAlmirante Barroso #333. Santiago (Metro Santa Ana)<br \/>\nDuraci\u00f3n: 1 hora.<\/p>\n","protected":false},"excerpt":{"rendered":"<p>Atenci\u00f3n Presencial en Box en Carlos Ant\u00fanez #2025. Providencia (Metro Pedro de Valdivia) Almirante Barroso #333. Santiago (Metro Santa Ana) Duraci\u00f3n: 1 hora.<\/p>\n","protected":false},"featured_media":225,"comment_status":"open","ping_status":"closed","template":"","meta":[],"product_brand":[],"product_cat":[21],"product_tag":[24,23,22],"class_list":{"0":"post-224","1":"product","2":"type-product","3":"status-publish","4":"has-post-thumbnail","6":"product_cat-atencion-presencial","7":"product_tag-atnecion-presencial","8":"product_tag-psicologa","9":"product_tag-psicologia","11":"first","12":"instock","13":"virtual","14":"purchasable","15":"product-type-simple"},"_links":{"self":[{"href":"https:\/\/psicologakarina.cl\/index.php\/wp-json\/wp\/v2\/product\/224","targetHints":{"allow":["GET"]}}],"collection":[{"href":"https:\/\/psicologakarina.cl\/index.php\/wp-json\/wp\/v2\/product"}],"about":[{"href":"https:\/\/psicologakarina.cl\/index.php\/wp-json\/wp\/v2\/types\/product"}],"replies":[{"embeddable":true,"href":"https:\/\/psicologakarina.cl\/index.php\/wp-json\/wp\/v2\/comments?post=224"}],"wp:featuredmedia":[{"embeddable":true,"href":"https:\/\/psicologakarina.cl\/index.php\/wp-json\/wp\/v2\/media\/225"}],"wp:attachment":[{"href":"https:\/\/psicologakarina.cl\/index.php\/wp-json\/wp\/v2\/media?parent=224"}],"wp:term":[{"taxonomy":"product_brand","embeddable":true,"href":"https:\/\/psicologakarina.cl\/index.php\/wp-json\/wp\/v2\/product_brand?post=224"},{"taxonomy":"product_cat","embeddable":true,"href":"https:\/\/psicologakarina.cl\/index.php\/wp-json\/wp\/v2\/product_cat?post=224"},{"taxonomy":"product_tag","embeddable":true,"href":"https:\/\/psicologakarina.cl\/index.php\/wp-json\/wp\/v2\/product_tag?post=224"}],"curies":[{"name":"wp","href":"https:\/\/api.w.org\/{rel}","templated":true}]}}